{"id":47107,"date":"2025-11-13T15:48:20","date_gmt":"2025-11-13T12:48:20","guid":{"rendered":"https:\/\/www.hatunistanbul.com\/uncategorized\/htn-gift-set-3\/"},"modified":"2026-01-23T14:29:54","modified_gmt":"2026-01-23T11:29:54","slug":"htn-gift-set-3","status":"publish","type":"product","link":"https:\/\/www.hatunistanbul.com\/en\/special-days\/htn-gift-set-3\/","title":{"rendered":"HTN Gift Set 3"},"content":{"rendered":"<div class=\"wpb-content-wrapper\"><p>[vc_row][vc_column][vc_column_text css=&#8221;&#8221;]<\/p>\n<ul>\n<li>Room Fragrance with Sticks 150 ml (1 Piece)<\/li>\n<li>Cologne 200 ml (1 piece)<\/li>\n<li>Classic Turkish Coffee (1 Piece)<\/li>\n<li>Pomegranate Fs\u0131t\u0131kl\u0131 Lokum 150 gr (1 Piece)<\/li>\n<\/ul>\n<p>[\/vc_column_text][\/vc_column][\/vc_row]<\/p>\n<\/div>","protected":false},"excerpt":{"rendered":"<ul>\n<li>Room Fragrance with Sticks 150 ml (1 Piece)<\/li>\n<li>Cologne 200 ml (1 piece)<\/li>\n<li>Classic Turkish Coffee (1 Piece)<\/li>\n<li>Pomegranate Fs\u0131t\u0131kl\u0131 Lokum 150 gr (1 Piece)<\/li>\n<\/ul>\n","protected":false},"featured_media":46951,"comment_status":"open","ping_status":"closed","template":"","meta":[],"product_brand":[],"product_cat":[236,347],"product_tag":[332,328],"class_list":{"0":"post-47107","1":"product","2":"type-product","3":"status-publish","4":"has-post-thumbnail","6":"product_cat-gift-boxes","7":"product_cat-special-days","8":"product_tag-en-en","9":"product_tag-en","11":"first","12":"instock","13":"taxable","14":"shipping-taxable","15":"purchasable","16":"product-type-simple"},"_links":{"self":[{"href":"https:\/\/www.hatunistanbul.com\/en\/wp-json\/wp\/v2\/product\/47107","targetHints":{"allow":["GET"]}}],"collection":[{"href":"https:\/\/www.hatunistanbul.com\/en\/wp-json\/wp\/v2\/product"}],"about":[{"href":"https:\/\/www.hatunistanbul.com\/en\/wp-json\/wp\/v2\/types\/product"}],"replies":[{"embeddable":true,"href":"https:\/\/www.hatunistanbul.com\/en\/wp-json\/wp\/v2\/comments?post=47107"}],"wp:featuredmedia":[{"embeddable":true,"href":"https:\/\/www.hatunistanbul.com\/en\/wp-json\/wp\/v2\/media\/46951"}],"wp:attachment":[{"href":"https:\/\/www.hatunistanbul.com\/en\/wp-json\/wp\/v2\/media?parent=47107"}],"wp:term":[{"taxonomy":"product_brand","embeddable":true,"href":"https:\/\/www.hatunistanbul.com\/en\/wp-json\/wp\/v2\/product_brand?post=47107"},{"taxonomy":"product_cat","embeddable":true,"href":"https:\/\/www.hatunistanbul.com\/en\/wp-json\/wp\/v2\/product_cat?post=47107"},{"taxonomy":"product_tag","embeddable":true,"href":"https:\/\/www.hatunistanbul.com\/en\/wp-json\/wp\/v2\/product_tag?post=47107"}],"curies":[{"name":"wp","href":"https:\/\/api.w.org\/{rel}","templated":true}]}}